{"id":93,"date":"2017-12-16T22:01:39","date_gmt":"2017-12-16T21:01:39","guid":{"rendered":"https:\/\/begonazpigurasoalkartea.org\/?page_id=93"},"modified":"2021-03-30T14:54:57","modified_gmt":"2021-03-30T12:54:57","slug":"como-lo-hacemos","status":"publish","type":"page","link":"https:\/\/begonazpigurasoalkartea.org\/es\/como-lo-hacemos\/","title":{"rendered":"C\u00f3mo lo hacemos"},"content":{"rendered":"<p>[et_pb_section fb_built=\u00bb1&#8243; _builder_version=\u00bb3.22&#8243; background_image=\u00bbhttps:\/\/begonazpigurasoalkartea.org\/wp-content\/uploads\/2017\/12\/47862aea.png\u00bb background_size=\u00bbinitial\u00bb background_repeat=\u00bbrepeat\u00bb custom_padding=\u00bb50px|0px|0px|0px||\u00bb locked=\u00bboff\u00bb][et_pb_row _builder_version=\u00bb3.25&#8243; custom_padding=\u00bb0px|0px|0px|0px\u00bb][et_pb_column type=\u00bb4_4&#8243; _builder_version=\u00bb3.25&#8243; custom_padding=\u00bb|||\u00bb custom_padding__hover=\u00bb|||\u00bb][et_pb_post_title meta=\u00bboff\u00bb featured_image=\u00bboff\u00bb _builder_version=\u00bb4.9.2&#8243; title_font=\u00bb|||on|||||\u00bb title_font_size=\u00bb30px\u00bb meta_font=\u00bb||||||||\u00bb hover_enabled=\u00bb0&#8243; custom_padding=\u00bb||||false|false\u00bb custom_margin=\u00bb||10px||false|false\u00bb sticky_enabled=\u00bb0&#8243;]&nbsp;<br \/>\n[\/et_pb_post_title][et_pb_dcsbcm_divi_breadcrumbs_module _builder_version=\u00bb4.9.2&#8243; _module_preset=\u00bbdefault\u00bb hide_currentbreadcrumb=\u00bboff\u00bb homebreadcrumbtext=\u00bb<i class=%22fas fa-home%22><\/i>\u00bb hover_enabled=\u00bb0&#8243; sticky_enabled=\u00bb0&#8243;][\/et_pb_dcsbcm_divi_breadcrumbs_module][\/et_pb_column][\/et_pb_row][\/et_pb_section][et_pb_section fb_built=\u00bb1&#8243; _builder_version=\u00bb3.22&#8243; background_image=\u00bbhttps:\/\/begonazpigurasoalkartea.org\/wp-content\/uploads\/2017\/12\/47862aea.png\u00bb background_size=\u00bbinitial\u00bb background_repeat=\u00bbrepeat\u00bb custom_padding=\u00bb50px||25px|||\u00bb][et_pb_row _builder_version=\u00bb3.25&#8243; custom_padding=\u00bb0px|0px|0px|0px\u00bb][et_pb_column type=\u00bb4_4&#8243; _builder_version=\u00bb3.25&#8243; custom_padding=\u00bb|||\u00bb custom_padding__hover=\u00bb|||\u00bb][et_pb_text admin_label=\u00bbParrafo inicial\u00bb _builder_version=\u00bb3.27.4&#8243;]Nos reunimos un lunes al mes a las 18:30 (<a href=\"#reuniones\">ver el calendario de reuniones<\/a>)<\/p>\n<p>Trabajamos a trav\u00e9s de las siguiente comisiones para una mayor eficiencia:<br \/>\n[\/et_pb_text][\/et_pb_column][\/et_pb_row][et_pb_row _builder_version=\u00bb3.25&#8243; custom_padding=\u00bb27px|0px|0px|0px\u00bb column_structure=\u00bb1_3,1_3,1_3&#8243;][et_pb_column type=\u00bb1_3&#8243; _builder_version=\u00bb3.25&#8243; custom_padding=\u00bb|||\u00bb custom_padding__hover=\u00bb|||\u00bb][et_pb_blurb use_icon=\u00bbon\u00bb font_icon=\u00bb%%282%%\u00bb admin_label=\u00bbHezkuntza Proiektuak\u00bb _builder_version=\u00bb3.0.106&#8243; header_level=\u00bbh3&#8243; header_text_align=\u00bbcenter\u00bb body_font=\u00bb|700|||||||\u00bb text_orientation=\u00bbcenter\u00bb custom_margin=\u00bb|||\u00bb custom_padding=\u00bb10px|10px|10px|10px\u00bb animation_style=\u00bbfold\u00bb border_radii=\u00bbon|10px|10px|10px|10px\u00bb border_width_all=\u00bb1px\u00bb border_color_all=\u00bb#293d84&#8243;]Educativa<br \/>\n[\/et_pb_blurb][et_pb_blurb use_icon=\u00bbon\u00bb font_icon=\u00bb%%280%%\u00bb admin_label=\u00bbDiruzaintza eta diru laguntzak\u00bb _builder_version=\u00bb3.0.105&#8243; header_level=\u00bbh3&#8243; header_text_align=\u00bbcenter\u00bb body_font=\u00bb|700|||||||\u00bb text_orientation=\u00bbcenter\u00bb custom_margin=\u00bb|||\u00bb custom_padding=\u00bb10px|10px|10px|10px\u00bb animation_style=\u00bbfold\u00bb border_radii=\u00bbon|10px|10px|10px|10px\u00bb border_width_all=\u00bb1px\u00bb border_color_all=\u00bb#293d84&#8243;]Tesorer\u00eda y subvenciones<br \/>\n[\/et_pb_blurb][\/et_pb_column][et_pb_column type=\u00bb1_3&#8243; _builder_version=\u00bb3.25&#8243; custom_padding=\u00bb|||\u00bb custom_padding__hover=\u00bb|||\u00bb][et_pb_blurb use_icon=\u00bbon\u00bb font_icon=\u00bb%%289%%\u00bb admin_label=\u00bbKultur taldea\u00bb _builder_version=\u00bb3.0.105&#8243; header_level=\u00bbh3&#8243; header_text_align=\u00bbcenter\u00bb body_font=\u00bb|700|||||||\u00bb text_orientation=\u00bbcenter\u00bb custom_margin=\u00bb|||\u00bb custom_padding=\u00bb10px|10px|10px|10px\u00bb animation_style=\u00bbfold\u00bb border_radii=\u00bbon|10px|10px|10px|10px\u00bb border_width_all=\u00bb1px\u00bb border_color_all=\u00bb#293d84&#8243;]Cultura<br \/>\n[\/et_pb_blurb][et_pb_blurb use_icon=\u00bbon\u00bb font_icon=\u00bb%%222%%\u00bb admin_label=\u00bbKomunikazioa\u00bb _builder_version=\u00bb3.0.105&#8243; header_level=\u00bbh3&#8243; header_text_align=\u00bbcenter\u00bb body_font=\u00bb|700|||||||\u00bb text_orientation=\u00bbcenter\u00bb custom_margin=\u00bb|||\u00bb custom_padding=\u00bb10px|10px|10px|10px\u00bb animation_style=\u00bbfold\u00bb border_radii=\u00bbon|10px|10px|10px|10px\u00bb border_width_all=\u00bb1px\u00bb border_color_all=\u00bb#293d84&#8243;]Comunicaci\u00f3n<br \/>\n[\/et_pb_blurb][\/et_pb_column][et_pb_column type=\u00bb1_3&#8243; _builder_version=\u00bb3.25&#8243; custom_padding=\u00bb|||\u00bb custom_padding__hover=\u00bb|||\u00bb][et_pb_blurb use_icon=\u00bbon\u00bb font_icon=\u00bb%%236%%\u00bb admin_label=\u00bbPastorala\u00bb _builder_version=\u00bb3.0.105&#8243; header_level=\u00bbh3&#8243; header_text_align=\u00bbcenter\u00bb body_font=\u00bb|700|||||||\u00bb text_orientation=\u00bbcenter\u00bb custom_margin=\u00bb|||\u00bb custom_padding=\u00bb10px|10px|10px|10px\u00bb animation_style=\u00bbfold\u00bb border_radii=\u00bbon|10px|10px|10px|10px\u00bb border_width_all=\u00bb1px\u00bb border_color_all=\u00bb#293d84&#8243;]Pastoral<br \/>\n[\/et_pb_blurb][et_pb_blurb use_icon=\u00bbon\u00bb font_icon=\u00bb%%279%%\u00bb admin_label=\u00bbJantokia\u00bb _builder_version=\u00bb3.0.105&#8243; header_level=\u00bbh3&#8243; header_text_align=\u00bbcenter\u00bb body_font=\u00bb|700|||||||\u00bb text_orientation=\u00bbcenter\u00bb custom_margin=\u00bb|||\u00bb custom_padding=\u00bb10px|10px|10px|10px\u00bb animation_style=\u00bbfold\u00bb border_radii=\u00bbon|10px|10px|10px|10px\u00bb border_width_all=\u00bb1px\u00bb border_color_all=\u00bb#293d84&#8243;]Comedor<br \/>\n[\/et_pb_blurb][\/et_pb_column][\/et_pb_row][\/et_pb_section][et_pb_section fb_built=\u00bb1&#8243; module_id=\u00bbbilerak\u00bb _builder_version=\u00bb3.22&#8243; background_image=\u00bbhttps:\/\/begonazpigurasoalkartea.org\/wp-content\/uploads\/2017\/12\/47862aea.png\u00bb background_size=\u00bbinitial\u00bb background_repeat=\u00bbrepeat\u00bb custom_padding=\u00bb0px|0px|27px|0px\u00bb][et_pb_row _builder_version=\u00bb3.25&#8243; custom_padding=\u00bb0px|0px|0px|0px\u00bb][et_pb_column type=\u00bb4_4&#8243; _builder_version=\u00bb3.25&#8243; custom_padding=\u00bb|||\u00bb custom_padding__hover=\u00bb|||\u00bb][et_pb_text _builder_version=\u00bb3.27.4&#8243;]<\/p>\n<h2>Reuniones<\/h2>\n<p>[\/et_pb_text][et_pb_code module_id=\u00bbreuniones\u00bb][ai1ec view=\u00bbmonthly\u00bb cat_name=\u00bbBilerak\u00bb][\/et_pb_code][\/et_pb_column][\/et_pb_row][\/et_pb_section]<\/p>\n","protected":false},"excerpt":{"rendered":"<p>&nbsp; Nos reunimos un lunes al mes a las 18:30 (ver el calendario de reuniones) Trabajamos a trav\u00e9s de las siguiente comisiones para una mayor eficiencia: Educativa Tesorer\u00eda y subvenciones Cultura Comunicaci\u00f3n Pastoral Comedor Reuniones [ai1ec view=\u00bbmonthly\u00bb cat_name=\u00bbBilerak\u00bb]<\/p>\n","protected":false},"author":1,"featured_media":0,"parent":0,"menu_order":0,"comment_status":"closed","ping_status":"closed","template":"","meta":{"_et_pb_use_builder":"on","_et_pb_old_content":"","_et_gb_content_width":"","footnotes":""},"class_list":["post-93","page","type-page","status-publish","hentry"],"_links":{"self":[{"href":"https:\/\/begonazpigurasoalkartea.org\/es\/wp-json\/wp\/v2\/pages\/93","targetHints":{"allow":["GET"]}}],"collection":[{"href":"https:\/\/begonazpigurasoalkartea.org\/es\/wp-json\/wp\/v2\/pages"}],"about":[{"href":"https:\/\/begonazpigurasoalkartea.org\/es\/wp-json\/wp\/v2\/types\/page"}],"author":[{"embeddable":true,"href":"https:\/\/begonazpigurasoalkartea.org\/es\/wp-json\/wp\/v2\/users\/1"}],"replies":[{"embeddable":true,"href":"https:\/\/begonazpigurasoalkartea.org\/es\/wp-json\/wp\/v2\/comments?post=93"}],"version-history":[{"count":9,"href":"https:\/\/begonazpigurasoalkartea.org\/es\/wp-json\/wp\/v2\/pages\/93\/revisions"}],"predecessor-version":[{"id":1387,"href":"https:\/\/begonazpigurasoalkartea.org\/es\/wp-json\/wp\/v2\/pages\/93\/revisions\/1387"}],"wp:attachment":[{"href":"https:\/\/begonazpigurasoalkartea.org\/es\/wp-json\/wp\/v2\/media?parent=93"}],"curies":[{"name":"wp","href":"https:\/\/api.w.org\/{rel}","templated":true}]}}