{"id":626,"date":"2018-05-25T08:50:00","date_gmt":"2018-05-25T06:50:00","guid":{"rendered":"https:\/\/begonazpigurasoalkartea.org\/mas-informacion-sobre-las-cookies\/"},"modified":"2021-03-30T15:02:34","modified_gmt":"2021-03-30T13:02:34","slug":"mas-informacion-sobre-las-cookies","status":"publish","type":"page","link":"https:\/\/begonazpigurasoalkartea.org\/es\/politica-de-cookies\/mas-informacion-sobre-las-cookies\/","title":{"rendered":"M\u00e1s informaci\u00f3n sobre las cookies"},"content":{"rendered":"<p>[et_pb_section fb_built=\u00bb1&#8243; _builder_version=\u00bb3.22&#8243; background_image=\u00bbhttps:\/\/begonazpigurasoalkartea.org\/wp-content\/uploads\/2017\/12\/47862aea.png\u00bb background_size=\u00bbinitial\u00bb background_repeat=\u00bbrepeat\u00bb custom_padding=\u00bb50px|0px|0px|0px||\u00bb locked=\u00bboff\u00bb][et_pb_row _builder_version=\u00bb3.25&#8243; custom_padding=\u00bb0px|0px|0px|0px\u00bb][et_pb_column type=\u00bb4_4&#8243; _builder_version=\u00bb3.25&#8243; custom_padding=\u00bb|||\u00bb custom_padding__hover=\u00bb|||\u00bb][et_pb_post_title meta=\u00bboff\u00bb featured_image=\u00bboff\u00bb _builder_version=\u00bb4.9.2&#8243; title_font=\u00bb|||on|||||\u00bb title_font_size=\u00bb30px\u00bb meta_font=\u00bb||||||||\u00bb hover_enabled=\u00bb0&#8243; custom_padding=\u00bb||||false|false\u00bb custom_margin=\u00bb||10px||false|false\u00bb sticky_enabled=\u00bb0&#8243;]&nbsp;<br \/>\n[\/et_pb_post_title][et_pb_dcsbcm_divi_breadcrumbs_module _builder_version=\u00bb4.9.2&#8243; _module_preset=\u00bbdefault\u00bb hide_currentbreadcrumb=\u00bboff\u00bb homebreadcrumbtext=\u00bb<i class=%22fas fa-home%22><\/i>\u00bb hover_enabled=\u00bb0&#8243; sticky_enabled=\u00bb0&#8243;][\/et_pb_dcsbcm_divi_breadcrumbs_module][\/et_pb_column][\/et_pb_row][\/et_pb_section][et_pb_section fb_built=\u00bb1&#8243; _builder_version=\u00bb3.22&#8243; custom_padding=\u00bb50px|0px|30px|0px|false|false\u00bb][et_pb_row _builder_version=\u00bb3.25&#8243; background_size=\u00bbinitial\u00bb background_position=\u00bbtop_left\u00bb background_repeat=\u00bbrepeat\u00bb custom_padding=\u00bb0|0px|0|0px|false|false\u00bb][et_pb_column type=\u00bb4_4&#8243; _builder_version=\u00bb3.25&#8243; custom_padding=\u00bb|||\u00bb custom_padding__hover=\u00bb|||\u00bb][et_pb_text _builder_version=\u00bb3.27.4&#8243; background_size=\u00bbinitial\u00bb background_position=\u00bbtop_left\u00bb background_repeat=\u00bbrepeat\u00bb]<\/p>\n<h4>\u00bfQu\u00e9 son las cookies?<\/h4>\n<p>Las cookies son peque\u00f1os archivos que algunas plataformas, como las p\u00e1ginas WEB, pueden instalar en tu ordenador, smartphone, tableta o televisi\u00f3n conectada, al acceder a las mismas. Una cookie se almacena en estos dispositivos para personalizar y facilitar al m\u00e1ximo la navegaci\u00f3n del usuario\/a. Las cookies se asocian \u00fanicamente a un\/a usuario\/a y su dispositivo, y no proporcionan referencias que permitan deducir datos personales del mismo\/a. El\/la usuario\/a podr\u00e1 configurar su navegador para que notifique o rechace la instalaci\u00f3n de las cookies enviadas por el sitio WEB.<\/p>\n<p>Las cookies permiten que las p\u00e1ginas WEB funcionen de forma m\u00e1s \u00e1gil y adaptada a las preferencias del usuario\/a. Por ejemplo, almacenando su idioma o la moneda de su pa\u00eds. Adem\u00e1s, ayudan a los\/as responsables de los sitios WEB a mejorar los servicios que ofrecen, gracias a la informaci\u00f3n estad\u00edstica que recogen a trav\u00e9s de ellas. Finalmente, sirven para hacer m\u00e1s eficiente la publicidad que se muestra, gracias a la cual se pueden ofrecer servicios de forma gratuita.<\/p>\n<h4>\u00bfPara qu\u00e9 utilizar las cookies esta p\u00e1gina web y cu\u00e1les son?<\/h4>\n<p>Esta p\u00e1gina Web utiliza las cookies para una serie de finalidades, incluidas:<\/p>\n<ul>\n<li><strong>An\u00e1lisis<\/strong>: son aquellas cookies que bien, tratadas por nosotros o por terceros, nos permiten cuantificar el n\u00famero de usuarios y as\u00ed realizar la medici\u00f3n y an\u00e1lisis estad\u00edstico de la utilizaci\u00f3n que hacen los usuarios del servicio. Para ellos se analiza su navegaci\u00f3n en nuestra p\u00e1gina web con el fin de mejorar la experiencia del usuario.<\/li>\n<li><strong>T\u00e9cnicas<\/strong>: son aquellas cookies que permiten al usuario la navegaci\u00f3n a trav\u00e9s de la p\u00e1gina web y la utilizaci\u00f3n de las diferentes opciones o servicios que en ella existan.<\/li>\n<\/ul>\n<h4 id=\"navegadores\">\u00bfC\u00f3mo se pueden desactivar o borrar las cookies?<\/h4>\n<p>Las cookies de esta web se pueden desactivar o borrar en cualquier momento. Se puede hacer de diferentes maneras, seg\u00fan el navegador que utilices.<br \/> Aqu\u00ed te daremos la informaci\u00f3n y los enlaces de las webs de ayuda de los navegadores principales, para que configures el tuyo y puedas decidir si aceptas o no el uso de cookies.<\/p>\n<p>As\u00ed, puedes bloquear las cookies mediante las herramientas de configuraci\u00f3n del navegador, o configurarlo para que te avise cuando un servidor desea instalar las cookies:<\/p>\n<ol>\n<li>Si usas <strong>Internet Explorer<\/strong>, puedes dirigirte al apartado Herramientas \u2013 Opciones de internet \u2013 Privacidad \u2013 Configuraci\u00f3n. Para m\u00e1s informaci\u00f3n, entra en el siguiente enlace:&nbsp;<a href=\"http:\/\/windows.microsoft.com\/es-es\/windows-vista\/block-or-allow-cookies\">http:\/\/windows.microsoft.com\/es-es\/windows-vista\/block-or-allow-cookies<\/a>&nbsp;<a href=\"http:\/\/windows.microsoft.com\/es-es\/windows7\/how-to-manage-cookies-in-internet-explorer-9\">http:\/\/windows.microsoft.com\/es-es\/windows7\/how-to-manage-cookies-in-internet-explorer-9<\/a><\/li>\n<li>Si usas <strong>Firefox<\/strong>, puedes dirigirte al apartado Herramientas, &#8211; Opciones \u2013 Privacidad \u2013 Cookies. Para m\u00e1s informaci\u00f3n, entra en el siguiente enlace:&nbsp;<a href=\"http:\/\/support.mozilla.org\/es\/kb\/habilitar-y-deshabilitar-cookies-que-los-sitios-we\">http:\/\/support.mozilla.org\/es\/kb\/habilitar-y-deshabilitar-cookies-que-los-sitios-we<\/a><\/li>\n<li>Si usas <strong>Chrome<\/strong>, puedes dirigirte al apartado Opciones \u2013 Opciones avanzadas \u2013 Privacidad. Para m\u00e1s informaci\u00f3n, entra en el siguiente enlace:&nbsp;<a href=\"http:\/\/support.google.com\/chrome\/bin\/answer.py?hl=es&amp;answer=95647\">http:\/\/support.google.com\/chrome\/bin\/answer.py?hl=es&amp;answer=95647<\/a><\/li>\n<li>Si usas <strong>Opera<\/strong>, puedes configurar el navegador en la opci\u00f3n Seguridad y Privacidad. Para m\u00e1s informaci\u00f3n, entra en el siguiente enlace:&nbsp;<a href=\"http:\/\/www.opera.com\/help\/tutorials\/security\/cookies\/\">http:\/\/www.opera.com\/help\/tutorials\/security\/cookies\/<\/a><\/li>\n<\/ol>\n<p>[\/et_pb_text][\/et_pb_column][\/et_pb_row][\/et_pb_section]<\/p>\n","protected":false},"excerpt":{"rendered":"<p>&nbsp; \u00bfQu\u00e9 son las cookies? Las cookies son peque\u00f1os archivos que algunas plataformas, como las p\u00e1ginas WEB, pueden instalar en tu ordenador, smartphone, tableta o televisi\u00f3n conectada, al acceder a las mismas. Una cookie se almacena en estos dispositivos para personalizar y facilitar al m\u00e1ximo la navegaci\u00f3n del usuario\/a. Las cookies se asocian \u00fanicamente a [&hellip;]<\/p>\n","protected":false},"author":1,"featured_media":0,"parent":623,"menu_order":0,"comment_status":"closed","ping_status":"closed","template":"","meta":{"_et_pb_use_builder":"on","_et_pb_old_content":"<h2>\u00bfQu\u00e9 es una cookie?<\/h2>\r\n<p>\r\n\tUna <em>cookie<\/em> es un fichero de texto <b>inofensivo<\/b> que se almacena en su navegador cuando visita casi cualquier p\u00e1gina web. La utilidad de la <em>cookie<\/em> es que la web sea capaz de recordar su visita cuando vuelva a navegar por esa p\u00e1gina. Aunque mucha gente no lo sabe las <em>cookies<\/em> se llevan utilizando desde hace 20 a\u00f1os, cuando aparecieron los primeros navegadores para la World Wide Web.\r\n<\/p> \r\n<h2>\u00bfQu\u00e9 NO ES una cookie?<\/h2>\r\n<p>\r\n\tNo es un virus, ni un troyano, ni un gusano, ni spam, ni spyware, ni abre ventanas pop-up.\r\n<\/p> \r\n<h2>\u00bfQu\u00e9 informaci\u00f3n almacena una <em>cookie<\/em>?<\/h2>\r\n<p>\r\n\tLas <em>cookies<\/em> no suelen almacenar informaci\u00f3n sensible sobre usted, como tarjetas de cr\u00e9dito o datos bancarios, fotograf\u00edas, su DNI o informaci\u00f3n personal, etc. Los datos que guardan son de car\u00e1cter t\u00e9cnico, preferencias personales, personalizaci\u00f3n de contenidos, etc.\r\n<\/p>\r\n<p>\r\n\tEl servidor web no le asocia a usted como persona si no a su navegador web. De hecho, si usted navega habitualmente con Internet Explorer y prueba a navegar por la misma web con Firefox o Chrome ver\u00e1 que la web no se da cuenta que es usted la misma persona porque en realidad est\u00e1 asociando al navegador, no a la persona.\r\n<\/p>\r\n<h2>\u00bfQu\u00e9 tipo de <em>cookies<\/em> existen?<\/h2>\r\n<p>\r\n\t<ul>\r\n\t\t<li><em>Cookies<\/em> t\u00e9cnicas: Son las m\u00e1s elementales y permiten, entre otras cosas, saber cu\u00e1ndo est\u00e1 navegando un humano o una aplicaci\u00f3n automatizada, cu\u00e1ndo navega un usuario an\u00f3nimo y uno registrado, tareas  b\u00e1sicas para el funcionamiento de cualquier web din\u00e1mica.<\/li>\r\n\t\t<li><em>Cookies<\/em> de an\u00e1lisis: Recogen informaci\u00f3n sobre el tipo de navegaci\u00f3n que est\u00e1 realizando, las secciones que m\u00e1s utiliza, productos consultados, franja horaria de uso, idioma, etc.<\/li>\r\n\t\t<li><em>Cookies<\/em> publicitarias: Muestran publicidad en funci\u00f3n de su navegaci\u00f3n, su pa\u00eds de procedencia, idioma, etc.<\/li>\r\n\t<\/ul> \r\n<\/p>\r\n<h2>\u00bfQu\u00e9 son las <em>cookies<\/em> propias y las de terceros?<\/h2>\r\n<p>\r\n\tLas <em>cookies propias<\/em> son las generadas por la p\u00e1gina que est\u00e1 visitando y las <em>de terceros<\/em> son las generadas por servicios o proveedores externos como Facebook, Twitter, Google, etc.\r\n<\/p> \r\n<h2>\u00bfQu\u00e9 ocurre si desactivo las <em>cookies<\/em>?<\/h2>\r\n<p>\r\n\tPara que entienda el alcance que puede tener desactivar las <em>cookies<\/em> le mostramos unos ejemplos:\r\n\t<ul>\r\n\t\t<li>No podr\u00e1 compartir contenidos de esa web en Facebook, Twitter o cualquier otra red social.<\/li>\r\n\t\t<li>El sitio web no podr\u00e1 adaptar los contenidos a sus preferencias personales, como suele ocurrir en las tiendas online.<\/li>\r\n\t\t<li>No podr\u00e1 acceder al \u00e1rea personal de esa web, como por ejemplo <em>Mi cuenta<\/em>, o <em>Mi perfil<\/em> o <em>Mis pedidos<\/em>.<\/li>\r\n\t\t<li>Tiendas online: Le ser\u00e1 imposible realizar compras online, tendr\u00e1n que ser telef\u00f3nicas o visitando la tienda f\u00edsica si es que dispone de ella.<\/li>\r\n\t\t<li>No ser\u00e1 posible personalizar sus preferencias geogr\u00e1ficas como franja horaria, divisa o idioma.<\/li>\r\n\t\t<li>El sitio web no podr\u00e1 realizar anal\u00edticas web sobre visitantes y tr\u00e1fico en la web, lo que dificultar\u00e1 que la web sea competitiva.<\/li>\r\n\t\t<li>No podr\u00e1 escribir en el blog, no podr\u00e1 subir fotos, publicar comentarios, valorar o puntuar contenidos. La web tampoco podr\u00e1 saber si usted es un humano o una aplicaci\u00f3n automatizada que publica <em>spam<\/em>.<\/li>\r\n\t\t<li>No se podr\u00e1 mostrar publicidad sectorizada, lo que reducir\u00e1 los ingresos publicitarios de la web.<\/li>\r\n\t\t<li>Todas las redes sociales usan <em>cookies<\/em>, si las desactiva no podr\u00e1 utilizar ninguna red social.<\/li>\r\n\t<\/ul>\r\n<\/p>\r\n<h2>\u00bfSe pueden eliminar las <em>cookies<\/em>?<\/h2>\r\n<p>\r\n\tS\u00ed. No s\u00f3lo eliminar, tambi\u00e9n bloquear, de forma general o particular para un dominio espec\u00edfico.\r\n<\/p>\r\n<p>\r\n\tPara eliminar las <em>cookies<\/em> de un sitio web debe ir a la configuraci\u00f3n de su navegador y all\u00ed podr\u00e1 buscar las asociadas al dominio en cuesti\u00f3n y proceder a su eliminaci\u00f3n.\r\n<\/p>\r\n<h2 id=\"navegadores\">Configuraci\u00f3n de <em>cookies<\/em> para los navegadores m\u00e1s polulares<\/h2>\r\n<p>\r\n\tA continuaci\u00f3n le indicamos c\u00f3mo acceder a una <em>cookie<\/em> determinada del navegador <b>Chrome<\/b>. Nota: estos pasos pueden variar en funci\u00f3n de la versi\u00f3n del navegador:\r\n\t<ol>\r\n\t\t<li>Vaya a Configuraci\u00f3n o Preferencias mediante el men\u00fa Archivo o bien pinchando el icono de personalizaci\u00f3n que aparece arriba a la derecha.<\/li>\r\n\t\t<li>Ver\u00e1 diferentes secciones, pinche la opci\u00f3n <em>Mostrar opciones avanzadas<\/em>.<\/li>\r\n\t\t<li>Vaya a <em>Privacidad<\/em>, <em>Configuraci\u00f3n de contenido<\/em>.<\/li>\r\n\t\t<li>Seleccione <em>Todas las <em>cookies<\/em> y los datos de sitios<\/em>.<\/li>\r\n\t\t<li>Aparecer\u00e1 un listado con todas las <em>cookies<\/em> ordenadas por dominio. Para que le sea m\u00e1s f\u00e1cil encontrar las <em>cookies<\/em> de un determinado dominio introduzca parcial o totalmente la direcci\u00f3n en el campo <em>Buscar cookies<\/em>.<\/li>\r\n\t\t<li>Tras realizar este filtro aparecer\u00e1n en pantalla una o varias l\u00edneas con las <em>cookies<\/em> de la web solicitada. Ahora s\u00f3lo tiene que seleccionarla y pulsar la <em>X<\/em> para proceder a su eliminaci\u00f3n.<\/li>\r\n\t<\/ol>\r\n<\/p>\r\n<p>\r\n\tPara acceder a la configuraci\u00f3n de <em>cookies<\/em> del navegador <b>Internet Explorer<\/b> siga estos pasos (pueden variar en funci\u00f3n de la versi\u00f3n del navegador):\r\n\t<ol>\r\n\t\t<li>Vaya a <em>Herramientas<\/em>, <em>Opciones de Internet<\/em><\/li>\r\n\t\t<li>Haga click en <em>Privacidad<\/em>.<\/li>\r\n\t\t<li>Mueva el deslizador hasta ajustar el nivel de privacidad que desee.<\/li>\r\n\t<\/ol>\r\n<\/p>\r\n<p>\r\n\tPara acceder a la configuraci\u00f3n de <em>cookies<\/em> del navegador <b>Firefox<\/b> siga estos pasos (pueden variar en funci\u00f3n de la versi\u00f3n del navegador):\r\n\t<ol>\r\n\t\t<li>Vaya a <em>Opciones<\/em> o <em>Preferencias<\/em> seg\u00fan su sistema operativo.<\/li>\r\n\t\t<li>Haga click en <em>Privacidad<\/em>.<\/li>\r\n\t\t<li>En <em>Historial<\/em> elija <em>Usar una configuraci\u00f3n personalizada para el historial<\/em>.<\/li>\r\n\t\t<li>Ahora ver\u00e1 la opci\u00f3n <em>Aceptar cookies<\/em>, puede activarla o desactivarla seg\u00fan sus preferencias.<\/li>\r\n\t<\/ol>\r\n<\/p>\r\n<p>\r\n\tPara acceder a la configuraci\u00f3n de <em>cookies<\/em> del navegador <b>Safari para OSX<\/b> siga estos pasos (pueden variar en funci\u00f3n de la versi\u00f3n del navegador):\r\n\t<ol>\r\n\t\t<li>Vaya a <em>Preferencias<\/em>, luego <em>Privacidad<\/em>.<\/li>\r\n\t\t<li>En este lugar ver\u00e1 la opci\u00f3n <em>Bloquear cookies<\/em> para que ajuste el tipo de bloqueo que desea realizar.<\/li>\r\n\t<\/ol>\r\n<\/p>\r\n<p>\r\n\tPara acceder a la configuraci\u00f3n de <em>cookies<\/em> del navegador <b>Safari para iOS<\/b> siga estos pasos (pueden variar en funci\u00f3n de la versi\u00f3n del navegador):\r\n\t<ol>\r\n\t\t<li>Vaya a <em>Ajustes<\/em>, luego <em>Safari<\/em>.<\/li>\r\n\t\t<li>Vaya a <em>Privacidad y Seguridad<\/em>, ver\u00e1 la opci\u00f3n <em>Bloquear cookies<\/em> para que ajuste el tipo de bloqueo que desea realizar.<\/li>\r\n\t<\/ol>\r\n<\/p>\r\n<p>\r\n\tPara acceder a la configuraci\u00f3n de <em>cookies<\/em> del navegador para dispositivos <b>Android<\/b> siga estos pasos (pueden variar en funci\u00f3n de la versi\u00f3n del navegador):\r\n\t<ol>\r\n\t\t<li>Ejecute el navegador y pulse la tecla <em>Men\u00fa<\/em>, luego <em>Ajustes<\/em>.<\/li>\r\n\t\t<li>Vaya a <em>Seguridad y Privacidad<\/em>, ver\u00e1 la opci\u00f3n <em>Aceptar cookies<\/em> para que active o desactive la casilla.<\/li>\r\n\t<\/ol>\r\n<\/p>\r\n<p>\r\n\tPara acceder a la configuraci\u00f3n de <em>cookies<\/em> del navegador para dispositivos <b>Windows Phone<\/b> siga estos pasos (pueden variar en funci\u00f3n de la versi\u00f3n del navegador):\r\n\t<ol>\r\n\t\t<li>Abra <em>Internet Explorer<\/em>, luego <em>M\u00e1s<\/em>, luego <em>Configuraci\u00f3n<\/em><\/li>\r\n\t\t<li>Ahora puede activar o desactivar la casilla <em>Permitir cookies<\/em>.<\/li>\r\n\t<\/ol>\r\n<\/p>\r\n<p>\r\n\tAsesor de Cookies es un <a href=\"http:\/\/wordpress.org\/plugins\/asesor-cookies-para-la-ley-en-espana\/\" target=\"_blank\">plugin para WordPress<\/a> creado por Carlos Doral (<a href=\"http:\/\/webartesanal.com\" target=\"_blank\">webartesanal.com<\/a>)\r\n<\/p>","_et_gb_content_width":"","footnotes":""},"class_list":["post-626","page","type-page","status-publish","hentry"],"_links":{"self":[{"href":"https:\/\/begonazpigurasoalkartea.org\/es\/wp-json\/wp\/v2\/pages\/626","targetHints":{"allow":["GET"]}}],"collection":[{"href":"https:\/\/begonazpigurasoalkartea.org\/es\/wp-json\/wp\/v2\/pages"}],"about":[{"href":"https:\/\/begonazpigurasoalkartea.org\/es\/wp-json\/wp\/v2\/types\/page"}],"author":[{"embeddable":true,"href":"https:\/\/begonazpigurasoalkartea.org\/es\/wp-json\/wp\/v2\/users\/1"}],"replies":[{"embeddable":true,"href":"https:\/\/begonazpigurasoalkartea.org\/es\/wp-json\/wp\/v2\/comments?post=626"}],"version-history":[{"count":6,"href":"https:\/\/begonazpigurasoalkartea.org\/es\/wp-json\/wp\/v2\/pages\/626\/revisions"}],"predecessor-version":[{"id":1411,"href":"https:\/\/begonazpigurasoalkartea.org\/es\/wp-json\/wp\/v2\/pages\/626\/revisions\/1411"}],"up":[{"embeddable":true,"href":"https:\/\/begonazpigurasoalkartea.org\/es\/wp-json\/wp\/v2\/pages\/623"}],"wp:attachment":[{"href":"https:\/\/begonazpigurasoalkartea.org\/es\/wp-json\/wp\/v2\/media?parent=626"}],"curies":[{"name":"wp","href":"https:\/\/api.w.org\/{rel}","templated":true}]}}