{"id":525,"date":"2018-04-18T12:32:32","date_gmt":"2018-04-18T10:32:32","guid":{"rendered":"https:\/\/begonazpigurasoalkartea.org\/?page_id=525"},"modified":"2021-03-30T14:58:56","modified_gmt":"2021-03-30T12:58:56","slug":"que-hacemos","status":"publish","type":"page","link":"https:\/\/begonazpigurasoalkartea.org\/es\/que-hacemos\/","title":{"rendered":"\u00bfQu\u00e9 hacemos?"},"content":{"rendered":"<p>[et_pb_section fb_built=\u00bb1&#8243; _builder_version=\u00bb3.22&#8243; background_image=\u00bbhttps:\/\/begonazpigurasoalkartea.org\/wp-content\/uploads\/2017\/12\/47862aea.png\u00bb background_size=\u00bbinitial\u00bb background_repeat=\u00bbrepeat\u00bb custom_padding=\u00bb50px|0px|0px|0px||\u00bb locked=\u00bboff\u00bb][et_pb_row _builder_version=\u00bb3.25&#8243; custom_padding=\u00bb0px|0px|0px|0px\u00bb][et_pb_column type=\u00bb4_4&#8243; _builder_version=\u00bb3.25&#8243; custom_padding=\u00bb|||\u00bb custom_padding__hover=\u00bb|||\u00bb][et_pb_post_title meta=\u00bboff\u00bb featured_image=\u00bboff\u00bb _builder_version=\u00bb4.9.2&#8243; title_font=\u00bb|||on|||||\u00bb title_font_size=\u00bb30px\u00bb meta_font=\u00bb||||||||\u00bb custom_margin=\u00bb||10px||false|false\u00bb custom_padding=\u00bb||||false|false\u00bb]&nbsp;<br \/>\n[\/et_pb_post_title][et_pb_dcsbcm_divi_breadcrumbs_module homebreadcrumbtext=\u00bb<i class=%22fas fa-home%22><\/i>\u00bb hide_currentbreadcrumb=\u00bboff\u00bb _builder_version=\u00bb4.9.2&#8243; _module_preset=\u00bbdefault\u00bb][\/et_pb_dcsbcm_divi_breadcrumbs_module][\/et_pb_column][\/et_pb_row][\/et_pb_section][et_pb_section fb_built=\u00bb1&#8243; _builder_version=\u00bb3.22&#8243; custom_padding=\u00bb50px|||||\u00bb][et_pb_row _builder_version=\u00bb3.25&#8243; background_size=\u00bbinitial\u00bb background_position=\u00bbtop_left\u00bb background_repeat=\u00bbrepeat\u00bb custom_padding=\u00bb0px|||||\u00bb][et_pb_column type=\u00bb4_4&#8243; _builder_version=\u00bb3.25&#8243; custom_padding=\u00bb|||\u00bb custom_padding__hover=\u00bb|||\u00bb][et_pb_text _builder_version=\u00bb3.27.4&#8243;]Entre otros oganizamos o tomamos parte en estas actividades:<br \/>\n[\/et_pb_text][\/et_pb_column][\/et_pb_row][et_pb_row column_structure=\u00bb1_2,1_2&#8243; _builder_version=\u00bb3.25&#8243; animation_style=\u00bbslide\u00bb][et_pb_column type=\u00bb1_2&#8243; _builder_version=\u00bb3.25&#8243; custom_padding=\u00bb|||\u00bb custom_padding__hover=\u00bb|||\u00bb][et_pb_image src=\u00bbhttps:\/\/begonazpigurasoalkartea.org\/wp-content\/uploads\/2017\/12\/olentzero.jpg\u00bb align_tablet=\u00bbcenter\u00bb align_phone=\u00bb\u00bb align_last_edited=\u00bbon|desktop\u00bb admin_label=\u00bbOlentzero- Argazkia\u00bb _builder_version=\u00bb3.23&#8243; always_center_on_mobile=\u00bbon\u00bb][\/et_pb_image][\/et_pb_column][et_pb_column type=\u00bb1_2&#8243; _builder_version=\u00bb3.25&#8243; custom_padding=\u00bb|||\u00bb custom_padding__hover=\u00bb|||\u00bb][et_pb_text admin_label=\u00bbOlentzero\u00bb _builder_version=\u00bb3.27.4&#8243;]<\/p>\n<h2>Olentzero<\/h2>\n<p>Desde Guraso Alkartea, todos los a\u00f1os, invitamos a Olentzero y Mari Domingi a visitar nuestra ikastola y ellos aceptan gustosos nuestra invitaci\u00f3n. Suele ser un d\u00eda muy especial y emocionante, los y las peque\u00f1as de infantil les reciben cantando y Olentzero y Mari Domingi les traen regalos para la clase, en el caso de los alumnos y alumnas de Lehen Hezkuntza son ellos los que los que les preparan unos regalitos a Olentzero y Mari Domingi y adem\u00e1s de cantar les ofrecen un bonito espect\u00e1culo de danzas.<br \/>\n[\/et_pb_text][\/et_pb_column][\/et_pb_row][et_pb_row _builder_version=\u00bb3.25&#8243; background_size=\u00bbinitial\u00bb background_position=\u00bbtop_left\u00bb background_repeat=\u00bbrepeat\u00bb][et_pb_column type=\u00bb4_4&#8243; _builder_version=\u00bb3.25&#8243; custom_padding=\u00bb|||\u00bb custom_padding__hover=\u00bb|||\u00bb][et_pb_divider show_divider=\u00bboff\u00bb _builder_version=\u00bb3.2&#8243;][\/et_pb_divider][\/et_pb_column][\/et_pb_row][et_pb_row column_structure=\u00bb1_2,1_2&#8243; _builder_version=\u00bb3.25&#8243; animation_style=\u00bbslide\u00bb animation_direction=\u00bbleft\u00bb][et_pb_column type=\u00bb1_2&#8243; _builder_version=\u00bb3.25&#8243; custom_padding=\u00bb|||\u00bb custom_padding__hover=\u00bb|||\u00bb][et_pb_text admin_label=\u00bbCarnavales\u00bb _builder_version=\u00bb3.27.4&#8243;]<\/p>\n<h2>Carnavales<\/h2>\n<p>En carnavales, una vez finalizadas las clases, nos reunimos las familias en el polideportivo de la ikastola para pasar una tarde divertida, concurso de disfraces, talleres para los peques, chocolate, torrijas, m\u00fasica, baile y muy buen humor, \u00bfQu\u00e9 m\u00e1s se puede pedir?<br \/>\n[\/et_pb_text][\/et_pb_column][et_pb_column type=\u00bb1_2&#8243; _builder_version=\u00bb3.25&#8243; custom_padding=\u00bb|||\u00bb custom_padding__hover=\u00bb|||\u00bb][et_pb_image src=\u00bbhttps:\/\/begonazpigurasoalkartea.org\/wp-content\/uploads\/2018\/04\/inauteriak.jpg\u00bb align_tablet=\u00bbcenter\u00bb align_phone=\u00bb\u00bb align_last_edited=\u00bbon|desktop\u00bb admin_label=\u00bbCarnavales-Argazkia\u00bb _builder_version=\u00bb3.23&#8243; always_center_on_mobile=\u00bbon\u00bb][\/et_pb_image][\/et_pb_column][\/et_pb_row][et_pb_row _builder_version=\u00bb3.25&#8243; background_size=\u00bbinitial\u00bb background_position=\u00bbtop_left\u00bb background_repeat=\u00bbrepeat\u00bb][et_pb_column type=\u00bb4_4&#8243; _builder_version=\u00bb3.25&#8243; custom_padding=\u00bb|||\u00bb custom_padding__hover=\u00bb|||\u00bb][et_pb_divider show_divider=\u00bboff\u00bb _builder_version=\u00bb3.2&#8243;][\/et_pb_divider][\/et_pb_column][\/et_pb_row][et_pb_row column_structure=\u00bb1_2,1_2&#8243; _builder_version=\u00bb3.25&#8243; animation_style=\u00bbslide\u00bb animation_direction=\u00bbright\u00bb][et_pb_column type=\u00bb1_2&#8243; _builder_version=\u00bb3.25&#8243; custom_padding=\u00bb|||\u00bb custom_padding__hover=\u00bb|||\u00bb][et_pb_image src=\u00bbhttps:\/\/begonazpigurasoalkartea.org\/wp-content\/uploads\/2018\/04\/AgateDeuna1.jpeg\u00bb align_tablet=\u00bbcenter\u00bb align_phone=\u00bb\u00bb align_last_edited=\u00bbon|desktop\u00bb admin_label=\u00bbAgate Deuna- Argazkia\u00bb _builder_version=\u00bb3.23&#8243; always_center_on_mobile=\u00bbon\u00bb][\/et_pb_image][\/et_pb_column][et_pb_column type=\u00bb1_2&#8243; _builder_version=\u00bb3.25&#8243; custom_padding=\u00bb|||\u00bb custom_padding__hover=\u00bb|||\u00bb][et_pb_text admin_label=\u00bbAgate Deuna\u00bb _builder_version=\u00bb3.27.4&#8243;]<\/p>\n<h2>Santa \u00c1gueda<\/h2>\n<p>La v\u00edspera de Santa \u00c1gueda, desde Guraso Alkartea, mandamos una invitaci\u00f3n a las familias para juntarnos y cantar por una recorrido previamente acordado. Vestidos de baserritarras y con nuestras makilas firmes en la mano, grandes y peque\u00f1os solemos pasar una tarde muy agradable por las calles de Bilbao.<br \/>\n[\/et_pb_text][\/et_pb_column][\/et_pb_row][et_pb_row _builder_version=\u00bb3.25&#8243; background_size=\u00bbinitial\u00bb background_position=\u00bbtop_left\u00bb background_repeat=\u00bbrepeat\u00bb][et_pb_column type=\u00bb4_4&#8243; _builder_version=\u00bb3.25&#8243; custom_padding=\u00bb|||\u00bb custom_padding__hover=\u00bb|||\u00bb][et_pb_divider show_divider=\u00bboff\u00bb _builder_version=\u00bb3.2&#8243;][\/et_pb_divider][\/et_pb_column][\/et_pb_row][et_pb_row column_structure=\u00bb1_2,1_2&#8243; _builder_version=\u00bb3.25&#8243; animation_style=\u00bbslide\u00bb animation_direction=\u00bbleft\u00bb][et_pb_column type=\u00bb1_2&#8243; _builder_version=\u00bb3.25&#8243; custom_padding=\u00bb|||\u00bb custom_padding__hover=\u00bb|||\u00bb][et_pb_text admin_label=\u00bbIkastola Eguna\u00bb _builder_version=\u00bb3.27.4&#8243;]<\/p>\n<h2>Ikastola eguna<\/h2>\n<p>Antes de terminar el curso, desde Guraso Alkartea junto con la ikastola, celebramos el \u00abIkastola eguna\u00bb. Es una fiesta de dos d\u00edas, empezando un viernes a la tarde hasta el s\u00e1bado. El primer d\u00eda los alumnos y alumnas de HH y LH nos ofrecen un espect\u00e1culo de baile a las filias y despu\u00e9s solemos gozar de una agradable y divertida verbena.\u00a0El s\u00e1bado los hinchables, las danzas, los talleres y el buen humor es lo que prima.<br \/>\n[\/et_pb_text][\/et_pb_column][et_pb_column type=\u00bb1_2&#8243; _builder_version=\u00bb3.25&#8243; custom_padding=\u00bb|||\u00bb custom_padding__hover=\u00bb|||\u00bb][et_pb_image src=\u00bbhttps:\/\/begonazpigurasoalkartea.org\/wp-content\/uploads\/2018\/04\/Ikastolaeguna1.jpeg\u00bb align_tablet=\u00bbcenter\u00bb align_phone=\u00bb\u00bb align_last_edited=\u00bbon|desktop\u00bb admin_label=\u00bbIkastola eguna &#8211; Argazkia\u00bb _builder_version=\u00bb3.23&#8243; always_center_on_mobile=\u00bbon\u00bb][\/et_pb_image][\/et_pb_column][\/et_pb_row][et_pb_row _builder_version=\u00bb3.25&#8243; background_size=\u00bbinitial\u00bb background_position=\u00bbtop_left\u00bb background_repeat=\u00bbrepeat\u00bb][et_pb_column type=\u00bb4_4&#8243; _builder_version=\u00bb3.25&#8243; custom_padding=\u00bb|||\u00bb custom_padding__hover=\u00bb|||\u00bb][et_pb_divider show_divider=\u00bboff\u00bb _builder_version=\u00bb3.2&#8243;][\/et_pb_divider][\/et_pb_column][\/et_pb_row][et_pb_row column_structure=\u00bb1_2,1_2&#8243; _builder_version=\u00bb3.25&#8243; animation_style=\u00bbslide\u00bb animation_direction=\u00bbright\u00bb][et_pb_column type=\u00bb1_2&#8243; _builder_version=\u00bb3.25&#8243; custom_padding=\u00bb|||\u00bb custom_padding__hover=\u00bb|||\u00bb][et_pb_image src=\u00bbhttps:\/\/begonazpigurasoalkartea.org\/wp-content\/uploads\/2018\/04\/Dantza1.jpeg\u00bb align_tablet=\u00bbcenter\u00bb align_phone=\u00bb\u00bb align_last_edited=\u00bbon|desktop\u00bb admin_label=\u00bbDantza &#8211; Argazkia\u00bb _builder_version=\u00bb3.23&#8243; always_center_on_mobile=\u00bbon\u00bb][\/et_pb_image][\/et_pb_column][et_pb_column type=\u00bb1_2&#8243; _builder_version=\u00bb3.25&#8243; custom_padding=\u00bb|||\u00bb custom_padding__hover=\u00bb|||\u00bb][et_pb_text admin_label=\u00bbDantza\u00bb _builder_version=\u00bb3.27.4&#8243;]<\/p>\n<h2>Dantza<\/h2>\n<p>Desde Guraso Alkartea le damos mucha importancia a fomentar nuestra cultura y por eso damos soporte al grupo de danzas de la ikastola ayudandoles con sus necesidades. Adem\u00e1s a lo largo del curso escolar organizamos un curso gratuito de danzas para padres.<br \/>\n[\/et_pb_text][\/et_pb_column][\/et_pb_row][et_pb_row _builder_version=\u00bb3.25&#8243; background_size=\u00bbinitial\u00bb background_position=\u00bbtop_left\u00bb background_repeat=\u00bbrepeat\u00bb][et_pb_column type=\u00bb4_4&#8243; _builder_version=\u00bb3.25&#8243; custom_padding=\u00bb|||\u00bb custom_padding__hover=\u00bb|||\u00bb][et_pb_divider show_divider=\u00bboff\u00bb _builder_version=\u00bb3.2&#8243;][\/et_pb_divider][et_pb_text _builder_version=\u00bb3.27.4&#8243;]Y tambi\u00e9n:<\/p>\n<ul>\n<li>Ayudamos en <strong>actividades deportivas<\/strong><\/li>\n<li>Colaboramos en el <strong>acto de despedida de los alumnos<\/strong> al finalizar la ikastola<\/li>\n<li>Gestionamos la <strong>Mutua<\/strong>; Fondo solidario de ayuda<\/li>\n<li>Ofrecemos ayuda econ\u00f3mica en<strong> proyectos de la ikastola y salidas<\/strong><\/li>\n<\/ul>\n<p>[\/et_pb_text][\/et_pb_column][\/et_pb_row][\/et_pb_section]<\/p>\n","protected":false},"excerpt":{"rendered":"<p>&nbsp; Entre otros oganizamos o tomamos parte en estas actividades: Olentzero Desde Guraso Alkartea, todos los a\u00f1os, invitamos a Olentzero y Mari Domingi a visitar nuestra ikastola y ellos aceptan gustosos nuestra invitaci\u00f3n. Suele ser un d\u00eda muy especial y emocionante, los y las peque\u00f1as de infantil les reciben cantando y Olentzero y Mari Domingi [&hellip;]<\/p>\n","protected":false},"author":1,"featured_media":0,"parent":0,"menu_order":0,"comment_status":"closed","ping_status":"closed","template":"","meta":{"_et_pb_use_builder":"on","_et_pb_old_content":"","_et_gb_content_width":"","footnotes":""},"class_list":["post-525","page","type-page","status-publish","hentry"],"_links":{"self":[{"href":"https:\/\/begonazpigurasoalkartea.org\/es\/wp-json\/wp\/v2\/pages\/525","targetHints":{"allow":["GET"]}}],"collection":[{"href":"https:\/\/begonazpigurasoalkartea.org\/es\/wp-json\/wp\/v2\/pages"}],"about":[{"href":"https:\/\/begonazpigurasoalkartea.org\/es\/wp-json\/wp\/v2\/types\/page"}],"author":[{"embeddable":true,"href":"https:\/\/begonazpigurasoalkartea.org\/es\/wp-json\/wp\/v2\/users\/1"}],"replies":[{"embeddable":true,"href":"https:\/\/begonazpigurasoalkartea.org\/es\/wp-json\/wp\/v2\/comments?post=525"}],"version-history":[{"count":8,"href":"https:\/\/begonazpigurasoalkartea.org\/es\/wp-json\/wp\/v2\/pages\/525\/revisions"}],"predecessor-version":[{"id":1402,"href":"https:\/\/begonazpigurasoalkartea.org\/es\/wp-json\/wp\/v2\/pages\/525\/revisions\/1402"}],"wp:attachment":[{"href":"https:\/\/begonazpigurasoalkartea.org\/es\/wp-json\/wp\/v2\/media?parent=525"}],"curies":[{"name":"wp","href":"https:\/\/api.w.org\/{rel}","templated":true}]}}