{"id":1283,"date":"2021-02-15T00:24:13","date_gmt":"2021-02-14T23:24:13","guid":{"rendered":"https:\/\/begonazpigurasoalkartea.org\/?page_id=1283"},"modified":"2021-03-30T14:56:42","modified_gmt":"2021-03-30T12:56:42","slug":"mindfulness","status":"publish","type":"page","link":"https:\/\/begonazpigurasoalkartea.org\/es\/escuela-de-familias\/mindfulness\/","title":{"rendered":"Mindfulness"},"content":{"rendered":"<p>[et_pb_section fb_built=\u00bb1&#8243; _builder_version=\u00bb3.22&#8243; background_image=\u00bbhttps:\/\/begonazpigurasoalkartea.org\/wp-content\/uploads\/2017\/12\/47862aea.png\u00bb background_size=\u00bbinitial\u00bb background_repeat=\u00bbrepeat\u00bb custom_padding=\u00bb50px|0px|0px|0px||\u00bb locked=\u00bboff\u00bb][et_pb_row _builder_version=\u00bb3.25&#8243; custom_padding=\u00bb0px|0px|0px|0px\u00bb][et_pb_column type=\u00bb4_4&#8243; _builder_version=\u00bb3.25&#8243; custom_padding=\u00bb|||\u00bb custom_padding__hover=\u00bb|||\u00bb][et_pb_post_title meta=\u00bboff\u00bb featured_image=\u00bboff\u00bb _builder_version=\u00bb4.9.2&#8243; title_font=\u00bb|||on|||||\u00bb title_font_size=\u00bb30px\u00bb meta_font=\u00bb||||||||\u00bb hover_enabled=\u00bb0&#8243; custom_padding=\u00bb||||false|false\u00bb custom_margin=\u00bb||10px||false|false\u00bb sticky_enabled=\u00bb0&#8243;]&nbsp;<br \/>\n[\/et_pb_post_title][et_pb_dcsbcm_divi_breadcrumbs_module _builder_version=\u00bb4.9.2&#8243; _module_preset=\u00bbdefault\u00bb hide_currentbreadcrumb=\u00bboff\u00bb homebreadcrumbtext=\u00bb<i class=%22fas fa-home%22><\/i>\u00bb hover_enabled=\u00bb0&#8243; sticky_enabled=\u00bb0&#8243;][\/et_pb_dcsbcm_divi_breadcrumbs_module][\/et_pb_column][\/et_pb_row][\/et_pb_section][et_pb_section fb_built=\u00bb1&#8243; _builder_version=\u00bb4.9.0&#8243; _module_preset=\u00bbdefault\u00bb custom_padding=\u00bb50px|||||\u00bb][et_pb_row _builder_version=\u00bb4.9.0&#8243; _module_preset=\u00bbdefault\u00bb][et_pb_column type=\u00bb4_4&#8243; _builder_version=\u00bb4.9.0&#8243; _module_preset=\u00bbdefault\u00bb][et_pb_text _builder_version=\u00bb4.9.0&#8243; _module_preset=\u00bbdefault\u00bb]<\/p>\n<h2>El Mayor regalo a tus hij@s\u00a0: estar presente<\/h2>\n<p>[\/et_pb_text][et_pb_video src=\u00bbhttps:\/\/youtu.be\/uThb9rWO0fM\u00bb _builder_version=\u00bb4.9.0&#8243; _module_preset=\u00bbdefault\u00bb][\/et_pb_video][et_pb_button button_url=\u00bbhttps:\/\/begonazpigurasoalkartea.org\/wp-content\/uploads\/2021\/02\/Begon\u0303azpi-ikastola-Estar-presente.pdf\u00bb button_text=\u00bbDescargar presentaci\u00f3n\u00bb _builder_version=\u00bb4.9.0&#8243; _module_preset=\u00bbdefault\u00bb custom_button=\u00bbon\u00bb button_icon=\u00bb%%266%%\u00bb button_on_hover=\u00bboff\u00bb][\/et_pb_button][\/et_pb_column][\/et_pb_row][et_pb_row _builder_version=\u00bb4.9.0&#8243; _module_preset=\u00bbdefault\u00bb][et_pb_column type=\u00bb4_4&#8243; _builder_version=\u00bb4.9.0&#8243; _module_preset=\u00bbdefault\u00bb][et_pb_text _builder_version=\u00bb4.9.0&#8243; _module_preset=\u00bbdefault\u00bb]<\/p>\n<h2>Hij@s\u00a0responsables: c\u00f3mo educar en la comprensi\u00f3n y firmeza<\/h2>\n<p>[\/et_pb_text][et_pb_video src=\u00bbhttps:\/\/youtu.be\/0tVontNRXa0&#8243; _builder_version=\u00bb4.9.0&#8243; _module_preset=\u00bbdefault\u00bb][\/et_pb_video][et_pb_button button_url=\u00bbhttps:\/\/begonazpigurasoalkartea.org\/wp-content\/uploads\/2021\/02\/Taller-II-Begon\u0303azpi-ikastola-Educar-en-la-responsabilidad.pdf\u00bb button_text=\u00bbDescargar presentaci\u00f3n\u00bb _builder_version=\u00bb4.9.0&#8243; _module_preset=\u00bbdefault\u00bb custom_button=\u00bbon\u00bb button_icon=\u00bb%%266%%\u00bb button_on_hover=\u00bboff\u00bb][\/et_pb_button][et_pb_text _builder_version=\u00bb4.9.0&#8243; _module_preset=\u00bbdefault\u00bb]<\/p>\n<h2>Comunicaci\u00f3n consciente y no violenta<\/h2>\n<p>[\/et_pb_text][et_pb_video src=\u00bbhttps:\/\/youtu.be\/YHLqeeGOMwQ\u00bb _builder_version=\u00bb4.9.0&#8243; _module_preset=\u00bbdefault\u00bb][\/et_pb_video][et_pb_button button_url=\u00bbhttps:\/\/begonazpigurasoalkartea.org\/wp-content\/uploads\/2021\/02\/Taller-3-Comunicacio\u0301n-Consciente.pdf\u00bb button_text=\u00bbDescargar presentaci\u00f3n\u00bb _builder_version=\u00bb4.9.0&#8243; _module_preset=\u00bbdefault\u00bb custom_button=\u00bbon\u00bb button_icon=\u00bb%%266%%\u00bb button_on_hover=\u00bboff\u00bb][\/et_pb_button][\/et_pb_column][\/et_pb_row][\/et_pb_section]<\/p>\n","protected":false},"excerpt":{"rendered":"<p>&nbsp; El Mayor regalo a tus hij@s\u00a0: estar presente Hij@s\u00a0responsables: c\u00f3mo educar en la comprensi\u00f3n y firmezaComunicaci\u00f3n consciente y no violenta<\/p>\n","protected":false},"author":1,"featured_media":0,"parent":1415,"menu_order":0,"comment_status":"closed","ping_status":"closed","template":"","meta":{"_et_pb_use_builder":"on","_et_pb_old_content":"<p>[et_pb_section fb_built=\"1\" _builder_version=\"4.9.0\" _module_preset=\"default\"][et_pb_row _builder_version=\"4.9.0\" _module_preset=\"default\" hover_enabled=\"0\" sticky_enabled=\"0\"][et_pb_column _builder_version=\"4.9.0\" _module_preset=\"default\" type=\"4_4\"][et_pb_text _builder_version=\"4.9.0\" _module_preset=\"default\" hover_enabled=\"0\" sticky_enabled=\"0\" header_font=\"|||on|||||\"]<\/p><h1>Guraso Eskola<\/h1><p>[\/et_pb_text][\/et_pb_column][\/et_pb_row][et_pb_row _builder_version=\"4.9.0\" _module_preset=\"default\"][et_pb_column _builder_version=\"4.9.0\" _module_preset=\"default\" type=\"4_4\"][et_pb_text _builder_version=\"4.9.0\" _module_preset=\"default\" hover_enabled=\"0\" sticky_enabled=\"0\"]<\/p><h2>El Mayor regalo a tus hij@s\u00a0: estar presente<\/h2><p>[\/et_pb_text][et_pb_video src=\"https:\/\/youtu.be\/uThb9rWO0fM\" _builder_version=\"4.9.0\" _module_preset=\"default\" hover_enabled=\"0\" sticky_enabled=\"0\"][\/et_pb_video][et_pb_button button_text=\"Deskargatu aurkezpena\" _builder_version=\"4.9.0\" _module_preset=\"default\" custom_button=\"on\" button_icon=\"%%266%%\" hover_enabled=\"0\" sticky_enabled=\"0\" button_on_hover=\"off\" button_url=\"https:\/\/begonazpigurasoalkartea.org\/wp-content\/uploads\/2021\/02\/Begon\u0303azpi-ikastola-Estar-presente.pdf\"][\/et_pb_button][\/et_pb_column][\/et_pb_row][et_pb_row _builder_version=\"4.9.0\" _module_preset=\"default\"][et_pb_column _builder_version=\"4.9.0\" _module_preset=\"default\" type=\"4_4\"][et_pb_text _builder_version=\"4.9.0\" _module_preset=\"default\" hover_enabled=\"0\" sticky_enabled=\"0\"]<\/p><h2>Hij@s\u00a0responsables: c\u00f3mo educar en la compresi\u00f3n y firmeza\u00a0\u00a0<\/h2><p>[\/et_pb_text][et_pb_video src=\"https:\/\/youtu.be\/fI8d23x9dkA\" _builder_version=\"4.9.0\" _module_preset=\"default\" hover_enabled=\"0\" sticky_enabled=\"0\"][\/et_pb_video][et_pb_button button_text=\"Deskargatu aurkezpena\" _builder_version=\"4.9.0\" _module_preset=\"default\" custom_button=\"on\" button_icon=\"%%266%%\" hover_enabled=\"0\" sticky_enabled=\"0\" button_on_hover=\"off\" button_url=\"https:\/\/begonazpigurasoalkartea.org\/wp-content\/uploads\/2021\/02\/Taller-II-Begon\u0303azpi-ikastola-Educar-en-la-responsabilidad.pdf\"][\/et_pb_button][\/et_pb_column][\/et_pb_row][\/et_pb_section]<\/p>","_et_gb_content_width":"","footnotes":""},"class_list":["post-1283","page","type-page","status-publish","hentry"],"_links":{"self":[{"href":"https:\/\/begonazpigurasoalkartea.org\/es\/wp-json\/wp\/v2\/pages\/1283","targetHints":{"allow":["GET"]}}],"collection":[{"href":"https:\/\/begonazpigurasoalkartea.org\/es\/wp-json\/wp\/v2\/pages"}],"about":[{"href":"https:\/\/begonazpigurasoalkartea.org\/es\/wp-json\/wp\/v2\/types\/page"}],"author":[{"embeddable":true,"href":"https:\/\/begonazpigurasoalkartea.org\/es\/wp-json\/wp\/v2\/users\/1"}],"replies":[{"embeddable":true,"href":"https:\/\/begonazpigurasoalkartea.org\/es\/wp-json\/wp\/v2\/comments?post=1283"}],"version-history":[{"count":14,"href":"https:\/\/begonazpigurasoalkartea.org\/es\/wp-json\/wp\/v2\/pages\/1283\/revisions"}],"predecessor-version":[{"id":1396,"href":"https:\/\/begonazpigurasoalkartea.org\/es\/wp-json\/wp\/v2\/pages\/1283\/revisions\/1396"}],"up":[{"embeddable":true,"href":"https:\/\/begonazpigurasoalkartea.org\/es\/wp-json\/wp\/v2\/pages\/1415"}],"wp:attachment":[{"href":"https:\/\/begonazpigurasoalkartea.org\/es\/wp-json\/wp\/v2\/media?parent=1283"}],"curies":[{"name":"wp","href":"https:\/\/api.w.org\/{rel}","templated":true}]}}